{"id":4,"date":"2017-09-08T21:50:26","date_gmt":"2017-09-08T19:50:26","guid":{"rendered":"http:\/\/test.kopernikus-eltern.de\/wordpress\/one-page-express\/"},"modified":"2025-10-09T09:44:38","modified_gmt":"2025-10-09T07:44:38","slug":"one-page-express","status":"publish","type":"page","link":"http:\/\/www.kopernikus-eltern.de\/home\/","title":{"rendered":"Home"},"content":{"rendered":"<div  id=\"willkommen\" class=\"stripped-about-four-boxes-section\" style=\"background-color: #f6f6f6;\" data-overlap=\"true\" data-id=\"stripped-about-four-boxes-section\" data-category=\"overlapable\" data-label=\"Willkommen\">\n<div  class=\"gridContainer\">\n<div  class=\"about-four-boxes-innerrow flexbox-list\">\n<div  class=\"about-four-boxes-imgcol\" style=\"background-image: url('http:\/\/www.foerderverein-kgn.de\/home\/wp-content\/uploads\/2017\/09\/typewriter-2703457_640.jpg');\" data-bg=\"image\"><\/div>\n<div  class=\"about-four-boxes-textcol\" data-type=\"column\">\n<h2  class=\"\">Willkommen \u2026<\/h2>\n<p  class=\"\">\u2026 auf der Eltern-Homepage des Kopernikus-Gymnasium Niederkassel.<\/p>\n<p  class=\"\">Die Seite dient der Information aller Eltern unserer Sch\u00fclerinnen und Sch\u00fcler an unserem Gymnasium, aber nat\u00fcrlich auch externen G\u00e4sten, die sich neben der offiziellen Homepage der Schule \u00fcber weitere Aspekte des Schullebens am KGN informieren m\u00f6chten.<\/p>\n<p  class=\"\">Unser Ziel ist es, diese Homepage auf einem aktuellen Stand zu halten. Da jedoch die Betreuung dieser Seite ehrenamtlich stattfindet, kann es unter Umst\u00e4nden zu Verz\u00f6gerungen bei der Bereitstellung von Informationen kommen.<\/p>\n\n<\/div>\n<div  class=\"about-four-boxes-textcol\" data-type=\"column\">\n<h6  class=\"\">ES gibt viel zu entdecken<\/h6>\n<h2  class=\"\">Neues Design<\/h2>\n<p  class=\"\">Im neuen Design, modern und aufger\u00e4umt, pr\u00e4sentieren wir die Arbeit der Eltern.<\/p>\n<p  class=\"\">F\u00f6rderverein, Schulpflegschaft und Gremienarbeiten sind die elementaren Aufgaben der Elternvertreter die \u201eunsere\u201c Schule auf ein stabiles Fundament stellen.<\/p>\n\n<\/div>\n<\/div>\n<\/div>\n<\/div><div  id=\"terminplan\" class=\"features-overlapped-icons-section\" style=\"background-color: #ffffff;\" data-id=\"features-overlapped-icons-section\" data-category=\"features\" data-label=\"Terminplan\">\n<div  class=\"gridContainer\">\n<div  class=\"features-overlapped-icons-textrow\">\n<div  class=\"features-overlapped-icons-textcol dynamic-color\" data-type=\"column\">\n<h2  class=\"\">Aktuelles<\/h2>\n<p  class=\"\">\u2026 immer wenn ein neues Schuljahr beginnt \u2026&nbsp;<a  class=\"\" href=\"http:\/\/kopernikus-eltern.de\/home\/Downloads\/Dateien\/2022-08-01 - Allgemeine Information Schulmitwirkung.pdf\" target=\"_blank\" rel=\"noopener\">Allgemeine Information Schulmitwirkung<\/a><\/p>\n\n<h2  class=\"\">Terminplan als Download<\/h2>\n<p  class=\"\">Die Schule stellt den Eltern in regelm\u00e4\u00dfigen Abst\u00e4nden einen Terminplan mit Terminen der Schule zur Verf\u00fcgung.&nbsp; Die Schulpflegschaft bietet diese Terminpl\u00e4ne zum Download an. Dazu stellen wir hier verschiedene Formate zur Verf\u00fcgung.<\/p>\n\n<h4  class=\"\">Derzeit in \u00dcberarbeitung!!!<\/h4>\n<p  class=\"\">Wir haben den Terminplan im&nbsp; ICS \/ ICAL Format nun direkt auf die von der Schule empfohlenen URL angepasst. Damit ist der Kalender steht\u2019s auf dem aktuellen Stand.<\/p>\n\n<\/div>\n<\/div>\n<div  class=\"features-overlapped-icons-featuresrow flexbox-list\" data-type=\"row\">\n<div  class=\"features-large-icons-featcol cp3cols cp6cols-tablet\">\n<div  class=\"features-overlapped-icons-featinnerrow\">\n<div  class=\"features-icon-container\"><\/div>\n<div  class=\"\" data-type=\"column\">\n<h4  class=\"\">TABELLE<\/h4>\n<p  class=\"\">Der Terminplan als HTMLTabelle \u2013 schneller \u00dcberblick am Bildschirm.<\/p>\n<p  class=\"\"><a  class=\"\" href=\"http:\/\/www.kopernikus-eltern.de\/home\/media\/termine\/termintabelle_final.php\" target=\"_blank\" rel=\"noopener\">Tabelle anzeigen<\/a><\/p>\n\n<\/div>\n<\/div>\n<\/div>\n<div  class=\"features-large-icons-featcol cp3cols cp6cols-tablet\">\n<div  class=\"features-overlapped-icons-featinnerrow\">\n<div  class=\"features-icon-container\"><\/div>\n<div  class=\"\" data-type=\"column\">\n<h4  class=\"\">PDF<\/h4>\n<p  class=\"\">Terminplan tagesaktuell im pdf-Format.<\/p>\n<p  class=\"\"><a  href=\"http:\/\/www.kopernikus-eltern.de\/home\/media\/termine\/termintabelle_pdf.php\" target=\"_blank\" rel=\"noopener\">Terminkalender KGN (pdf)<\/a><\/p>\n\n<\/div>\n<\/div>\n<\/div>\n<div  class=\"features-large-icons-featcol cp3cols cp6cols-tablet\">\n<div  class=\"features-overlapped-icons-featinnerrow\">\n<div  class=\"features-icon-container\"><\/div>\n<div  class=\"\" data-type=\"column\">\n<h4  class=\"\">ICAL<\/h4>\n<p  class=\"\">Der Terminplan als ICAL Datei, zum Einbinden in einen elektronischen Kalender, z.B. Smartphone.<\/p>\n<p  class=\"\"><a  class=\"\" href=\"http:\/\/www.kopernikus-eltern.de\/home\/media\/termine\/Terminplan.ics\" target=\"_self\" rel=\"noopener\">Download<\/a><\/p>\n\n<\/div>\n<\/div>\n<\/div>\n<p  class=\"\"><\/p>\n\n<\/div>\n<p  class=\"\"><\/p>\n\n<\/div>\n<\/div><div  id=\"mitwirkung\" class=\"about-text-icons-section\" style=\"background-color: #f6f6f6;\" data-id=\"about-text-icons-section\" data-category=\"about\" data-label=\"Mitwirkung\">\n<div  class=\"gridContainer\">\n<div  class=\"about-text-icons-innerrow dynamic-color\">\n<div  class=\"about-text-icons-textcol\" data-type=\"column\">\n<h5  class=\"\">MITWIRKUNG VON ELTERN<\/h5>\n<h3  class=\"\">Wenn Eltern in die Schule gehen<\/h3>\n<p  class=\"\">Es gibt viele M\u00f6glichkeiten, sich als Eltern einzubringen. Ob es die Teilnahme an Unterrichtsstunden oder die Mitarbeit&nbsp; in Unterrichtsbereichen, z.B. Unters\u00fctzung der Fachschaften&nbsp; \u2013 Jeder kann sich einbringen.<\/p>\n<p  class=\"\">Weitere Informationen kann vom Bildungsportal des Landes NRW bezogen werden.<\/p>\n<p  class=\"\"><a  class=\"\" href=\"https:\/\/www.schulministerium.nrw.de\/docs\/bp\/Eltern\/Schulmitwirkung\/index.html\" target=\"_blank\" rel=\"noopener\">&gt;&gt;Zum Bildungsportal NRW<\/a><\/p>\n\n<\/div>\n<div  class=\"about-text-icons-cols flexbox-list\">\n<div  class=\"about-text-icons-iconcol\">\n<h4 >Klassenpflegschaft<\/h4>\nMitglieder der Klassenpflegschaft sind die Eltern der Sch\u00fcler einer Klasse. Die Eltern haben bei Wahlen und Abstimmungen f\u00fcr jedes ihrer Kinder in der Klasse gemeinsam eine Stimme.\n\n<a  href=\"#\" target=\"_self\" rel=\"noopener\" data-reiki-hidden=\"true\"><i  class=\"font-icon-20 fa fa-angle-double-right\" data-cp-fa=\"true\"><\/i>&nbsp;learn more<\/a>\n\n<\/div>\n<div  class=\"about-text-icons-iconcol\">\n<h4 >Schulpflegschaft<\/h4>\nMitglieder der Schulpflegschaft sind die Vorsitzenden der Klassen- und Jahrgangsstufenpflegschaften der Schule sowie deren Stellvertreter. Die Schulpflegschaft vertritt die Elternschaft der Schule.\n\n<a  href=\"#\" target=\"_self\" rel=\"noopener\" data-reiki-hidden=\"true\"><i  class=\"font-icon-20 fa fa-angle-double-right\" data-cp-fa=\"true\"><\/i>&nbsp;learn more<\/a>\n\n<\/div>\n<div  class=\"about-text-icons-iconcol\">\n<h4 >Schulkonferenz\/Eilkonferenz<\/h4>\nDie Schulkonferenz ber\u00e4t in grunds\u00e4tzlichen Angelegenheiten der Schule und fasst Beschl\u00fcsse, die das \u201eSchulleben\u201c betreffen.\n\nIn Angelegenheiten der Schulkonferenz, die keinen Aufschub dulden, entscheidet die Schulleiterin oder der Schulleiter (Vorsitz) gemeinsam mit je einer von der Schulkonferenz aus ihrer Mitte gew\u00e4hlten Vertretung der in der Schulkonferenz vertretenen Gruppen.\n\n<a  href=\"#\" target=\"_self\" rel=\"noopener\" data-reiki-hidden=\"true\"><i  class=\"font-icon-20 fa fa-angle-double-right\" data-cp-fa=\"true\"><\/i>&nbsp;learn more<\/a>\n\n<\/div>\n<div  class=\"about-text-icons-iconcol\">\n<h4 >Fachkonferenzen<\/h4>\nMitglieder der Fachkonferenzen sind die in dem betreffenden Fach unterrichtenden Lehrer, zwei Sch\u00fclervertreter und bis zu vier Elternvertreter je Fach. Die Sch\u00fclervertreter und die Elternvertreter haben in diesem Gremium beratende Funktion und kein Stimmrecht.\n\n<a  href=\"#\" target=\"_self\" rel=\"noopener\" data-reiki-hidden=\"true\"><i  class=\"font-icon-20 fa fa-angle-double-right\" data-cp-fa=\"true\"><\/i>&nbsp;learn more<\/a>\n\n<\/div>\n<\/div>\n<\/div>\n<\/div>\n<\/div><div  id=\"gremien\" class=\"features-square-image-section\" style=\"background-color: #ffffff;\" data-id=\"features-square-image-section\" data-category=\"features\" data-label=\"Gremien\">\n<div  class=\"dynamic-color gridContainer\">\n<div  class=\"features-square-image-textrow\">\n<div  class=\"features-square-image-textcol\" data-type=\"column\">\n<h2  class=\"\">SCHULPFLEGSCHAFT \/ SCHULKONFERENZ<\/h2>\n<\/div>\n<\/div>\n<div  class=\"features-square-image-innerrow\" data-type=\"row\">\n<div  class=\"features-square-image-featcol cp6cols-tablet cp6cols\">\n<h3  class=\"\">Schulpflegschaft<\/h3>\n<p  class=\"\">Die Schulpflegschaft vertritt die Elterschaft der Schule. Mitglieder der\nSchulpflegschaft sind die Vorstzenden der Klassen- und\nJahrgangsstufenpflegschaften der Schule sowie deren Stellvertreter.<\/p>\n\n<h5  class=\"\">Vorsitzende der Schulpflegschaft<\/h5>\n<p  class=\"\">Stephanie Schaefer<\/p>\n\n<h5  class=\"\">Stellvertreter<\/h5>\n<p  class=\"\">Melanie Sellin<\/p>\n<p  class=\"\">\nDiana Agusta<\/p>\n<p  class=\"\">\nChristoph Breidt\n\n<\/p>\n\n<\/div>\n<div  class=\"features-square-image-featcol cp6cols-tablet cp6cols\">\n<h3  class=\"\">Schulkonferenz<\/h3>\n<p  class=\"\">Die Schulkonferenz ist ein Mitwirkungs- bzw. Beschlussgremium an Schulen, in dem Lehrer, Eltern und Sch\u00fcler zu gleichen Teilen vertreten sind.<\/p>\n\n<h5  class=\"\">Mitglieder der Schulkonferenz<\/h5>\n<p  class=\"\">Stephanie Schaefer<\/p>\n<p  class=\"\">\nMelanie Sellin<\/p>\n<p  class=\"\">\nMichael Maurer<\/p>\n<p  class=\"\">\nDiana Agusta<\/p>\n<p  class=\"\">\nChristoph Breidt<\/p>\n<p  class=\"\">\nSylvia Klein<\/p>\n\n<h5  class=\"\">Stellvertreter<\/h5>\n<p  class=\"\">Nathalie Tillich<\/p>\n<p  class=\"\">\nSilke Wirz<\/p>\n<p  class=\"\">\nHeike Hoek<\/p>\n<p  class=\"\">\nPetra Schlemenat<\/p>\n<p  class=\"\">\nRebecca Schmitt<\/p>\n<p  class=\"\">\nTanja Brungs\n\n<\/p>\n\n<\/div>\n<\/div>\n<\/div>\n<\/div><div  id=\"schulpflegschaft\" class=\"testimonials-boxed-section\" style=\"background-color: #ffffff;\" data-id=\"testimonials-boxed-section\" data-category=\"testimonials\" data-label=\"Schulpflegschaft\">\n<div  class=\"gridContainer\">\n<div  class=\"testimonials-boxed-itemsrow dark-text\" data-type=\"row\">\n<div  class=\"testimonials-boxed-itemcol cp6cols-tablet cp6cols\">\n<div  class=\"testimonials-boxed-itemcard\" data-type=\"column\">\n<h4  class=\"testimonials-boxed-itemtext\">\u201eNur durch eine Zusammenarbeit von Schule und Eltern entwickelt sich eine Schule wirklich weiter.\u201c<\/h4>\n<h5  class=\"testimonials-boxed-itemname\">Stephanie Schaefer<\/h5>\n<h6  class=\"testimonials-boxed-itempos\">Vorsitzender d. Schulpflegschaft<\/h6>\n<\/div>\n<\/div>\n<div  class=\"testimonials-boxed-itemcol cp6cols-tablet cp6cols\">\n<div  class=\"testimonials-boxed-itemcard\" data-type=\"column\">\n<h4  class=\"testimonials-boxed-itemtext\">\u201eWir verstehen uns als Team, das mit und stellvertretend f\u00fcr die Eltern an der Gestaltung und Entwicklung der Schule, im Sinne unserer Kinder, mitwirkt.\u201c<\/h4>\n<h5  class=\"testimonials-boxed-itemname\">Melanie Sellin, Diana Agusta, Christoph Breidt<\/h5>\n<h6  class=\"testimonials-boxed-itempos\">stellv. Schulpflegschaftsvorsitzende<\/h6>\n<\/div>\n<\/div>\n<\/div>\n<\/div>\n<\/div><div  id=\"schuelerpauschle\" class=\"content-full-left-image-section\" style=\"background-color: #f6f6f6;\" data-id=\"content-full-left-image-section\" data-category=\"content\" data-label=\"Schuelerpauschle\">\n<div  class=\"content-full-left-image-innerrow\">\n<div  class=\"content-full-left-image-imgcol\" style=\"background-image: url('http:\/\/www.kopernikus-eltern.de\/home\/wp-content\/uploads\/2018\/02\/some-euros-in-cafe-picjumbo-com_586x390.jpg');\" data-bg=\"image\"><\/div>\n<div  class=\"content-full-left-image-textcol dynamic-color\">\n<div  class=\"\" data-type=\"column\">\n<h5  class=\"\">KOSTEN IN DER SCHULPFLEGSCHAFT<\/h5>\n<h2  class=\"\">Sch\u00fclerpauschale<\/h2>\n<p  class=\"\">Im Rahmen der Schulpfegschaftsarbeit fallen jedes Jahr regelm\u00e4\u00dfige Kosten an, die durch eine Sch\u00fclerpauschale gedeckt werden sollen. In der Schulkonferenz wurde daher beschlossen einen Betrag von 5\u20ac pro Kind und Schuljahr zu erheben.<\/p>\n<p  class=\"\">Wir bitten Sie, diesen Betrag zur ersten Klassenpflegschafts\u00adsitzung mitzubringen und den Elternvertretern zu \u00fcbergeben.<\/p>\n\n<h4  class=\"\">Die Sch\u00fclerpauschale setzt sich wie folgt zusammen:<\/h4>\n<\/div>\n<div  class=\"content-full-left-image-featuresrow\">\n<div  class=\"content-full-left-image-featurescol\" data-type=\"column\">\n<h5  class=\"\">MITGLIEDSBEITRAG<\/h5>\n<p  class=\"\">Die Landeselternschaft ist der Zusammenschluss der Elternschaften der Gymnasien in NRW. Sie vertritt die Interessen der Eltern gegen\u00fcber dem Schulministerium, der Landesregierung und den Schulaufsichtsbeh\u00f6rden. Au\u00dferdem ber\u00e4t und unterst\u00fctzt sie die Schul- und Klassenpflegschafts-vorsitzenden bei ihrer Mitwirkungsarbeit und vertritt die NRW-Elternschaft im Bundeselternrat. Das Kopernikus-Gymnasium ist Mitglied der Landeselternschaft und muss daf\u00fcr einen Mitgliedsbeitrag entrichten, der sich nach der Sch\u00fclerzahl richtet. (N\u00e4here Informationen hierzu finden Sie unter nachfolgenden Link<\/p>\n<p  class=\"\"><a  class=\"\" href=\"http:\/\/www.le-gymnasien-nrw.de\" target=\"_blank\" rel=\"noopener\">Zur Landeselternschaft<\/a><\/p>\n\n<\/div>\n<div  class=\"content-full-left-image-featurescol\" data-type=\"column\">\n<h5  class=\"\">KOPIERGELD<\/h5>\n<p  class=\"\">Diese setzen sich aus dem Anschaffungspreis des Kopierers sowie den Papier-, Toner- und Wartungskosten zusammen. Die vom Schultr\u00e4ger zur Verf\u00fcgung gestellten Mittel reichen leider bei weitem nicht aus, diese Kosten zu decken.<\/p>\n\n<h4  class=\"\"><\/h4>\n<h5  class=\"\">WEITERE KOSTEN<\/h5>\n<p  class=\"\"><span  style=\"font-family: 'Source Sans Pro', sans-serif; font-size: 18px;\">Im Rahmen der Schulpflegschaftsarbeit fallen in geringem Umfang weitere Kosten an, die sich unter anderem aus Portokosten und Fahrkosten zu Veranstaltungen und Vortr\u00e4gen zusammensetzen.<\/span><\/p>\n\n<\/div>\n<\/div>\n<\/div>\n<\/div>\n<\/div><div  id=\"mehrpflegschaft\" class=\"features-small-icon-cards-section\" style=\"background-color: #ffffff;\" data-id=\"features-small-icon-cards-section\" data-category=\"features\" data-label=\"MehrPflegschaft\">\n<div  class=\"gridContainer\">\n<div  class=\"features-small-icon-cards-textrow\">\n<div  class=\"features-small-icon-cards-textcol dynamic-color\" data-type=\"column\">\n<h2  class=\"\">Noch mehr Schulpflegschaft<\/h2>\n<p  class=\"\">Wir wollten zuk\u00fcnftig mehr Informationen an unsere Mitglieder und G\u00e4sten ausgeben. Ob aktuelle Ereignisse, Downloads oder auch einfach nur neue Ideen, hier wird\u2019s gezeigt.<\/p>\n<p  class=\"\">Wir haben noch viel vor \u2026<\/p>\n\n<\/div>\n<\/div>\n<div  class=\"features-small-icon-cards-featuresrow dark-text\" data-type=\"row\">\n<div  class=\"features-small-icon-cards-featcol cp4cols\">\n<div  class=\"features-small-icon-cards-featinnerrow\">\n<div  class=\"features-small-icon-cards-iconcol\"><\/div>\n<div  class=\"features-small-icon-cards-feattextcol\" data-type=\"column\">\n<h4  class=\"\">Downloads<\/h4>\n<p  class=\"\">Erfassungsbogen f\u00fcr Elternvertreter in der Schulpflegschaft:<\/p>\n<p  class=\"\"><a  class=\"\" href=\"http:\/\/kopernikus-eltern.de\/home\/Downloads\/Formulare\/Erfassungsbogen_SP_KGN.pdf\" target=\"_blank\" rel=\"noopener\">Erfassungsbogen<\/a><\/p>\n<p  class=\"\">aktuelle Aufteilung der A &amp; B-Wochen:<\/p>\n<p  class=\"\"><a  class=\"\" href=\"http:\/\/kopernikus-eltern.de\/home\/Downloads\/Dateien\/A_B+Wochen_Hj1+2022_2023.pdf\" target=\"_blank\" rel=\"noopener\">Aufteilung A &amp; B-Wochen<\/a><\/p>\n<p  class=\"\"><\/p>\n<p  class=\"\">Wir wollen zuk\u00fcnfig alle Downlaods an einem Platz anbieten.&nbsp; Da wir das Angebot gerade \u00fcberarbeiten, bitten wir noch um etwas Geduld\u2026<\/p>\n\n<\/div>\n<\/div>\n<\/div>\n<div  class=\"features-small-icon-cards-featcol cp4cols\">\n<div  class=\"features-small-icon-cards-featinnerrow\">\n<div  class=\"features-small-icon-cards-iconcol\"><\/div>\n<div  class=\"features-small-icon-cards-feattextcol\" data-type=\"column\">\n<h4  class=\"\">Schlie\u00dff\u00e4cher<\/h4>\n<h5  class=\"\">Der F\u00f6rderverein gibt die Schlie\u00dff\u00e4cher zum Ende des Schuljahres 2018\/19 auf.<\/h5>\n<p  class=\"\">Die Schlie\u00dff\u00e4cher werden zuk\u00fcnftig durch solche der Firma Astra Direct GmbH ersetzt und auch durch diese betrieben. Weitere Infos auf der Homepage des<\/p>\n<p  class=\"\"><a  class=\"\" href=\"https:\/\/www.foerderverein-kgn.de\" target=\"_self\" rel=\"noopener\">F\u00f6rderverein<\/a><\/p>\n\n<\/div>\n<\/div>\n<\/div>\n<div  class=\"features-small-icon-cards-featcol cp4cols\">\n<div  class=\"features-small-icon-cards-featinnerrow\">\n<div  class=\"features-small-icon-cards-iconcol\"><\/div>\n<div  class=\"features-small-icon-cards-feattextcol\" data-type=\"column\">\n<h4  class=\"\">Noch mehr Ideen<\/h4>\n<p  class=\"\">Jeder im neuen Team hat Ideen, wir versuchen davon m\u00f6glichst viele umzusetzen. Das braucht aber Zeit. Und keine Idee ist nicht gut genug, als das sie nicht auf unsere Ideenliste k\u00e4me. Wir freuen uns auch auf Mitteilungen von Eltern, schickt uns eure Vorschl\u00e4ge und Ideen.<\/p>\n\n<\/div>\n<\/div>\n<\/div>\n<\/div>\n<\/div>\n<\/div><div  id=\"elternhilfe\" class=\"features-large-icons-section\" style=\"background-color: #f6f6f6;\" data-id=\"features-large-icons-section\" data-category=\"features\" data-label=\"Elternhilfe\">\n<div  class=\"gridContainer dynamic-color\">\n<div  class=\"features-large-icons-textrow\">\n<div  class=\"features-large-icons-textcol\" data-type=\"column\">\n<h2  class=\"\">Elternhilfe \u2013 Wir brauchen Ihre Unterst\u00fctzung<\/h2>\n<p  class=\"\"><\/p>\n<p  class=\"\">Seit dem 14.02.11 sind das SLZ (Selbstlernzentrum) und die Schulb\u00fccherei\njeden Montag, Mittwoch und Donnerstag von 12.10 Uhr bis 14 Uhr von\nEltern besetzt, ebenso das Spielehaus, welches an den gleichen Tagen von 12.15 Uhr bis 13.15 Uhr von Eltern besetzt ist.<\/p>\n<p  class=\"\">Sollten Sie Zeit haben den Sch\u00fclern und Sch\u00fclerinnen diese Angebote zur Verf\u00fcgung zu stellen, freuen wir uns \u00fcber ihre Mail.<\/p>\n<p  class=\"\"><a  class=\"\" href=\"mailto:elternhilfe@kopernikus-eltern.de\" target=\"_self\" rel=\"noopener\">elternhilfe@kopernikus-eltern.de<\/a><\/p>\n\n<\/div>\n<\/div>\n<div  class=\"features-large-icons-featrow\" data-type=\"row\">\n<div  class=\"features-large-icons-featcol cp6cols-tablet cp6cols\">\n<div  class=\"features-icon-container-nomargin\"><\/div>\n<h4  class=\"\">Selbstlernzentrum \/ B\u00fccherei<\/h4>\n<p  class=\"\">Es kommen pro Tag 20 bis 25 Sch\u00fcler aller Stufen ins SLZ, um an den PCs\nim Internet zu recherchieren, in Ruhe ihre Hausaufgaben zu machen oder\nauch einfach mal am PC zu spielen (auf 15 Minuten beschr\u00e4nkt).<\/p>\n\n<\/div>\n<div  class=\"features-large-icons-featcol cp6cols-tablet cp6cols\">\n<div  class=\"features-icon-container-nomargin\"><\/div>\n<h4  class=\"\">Spielehaus<\/h4>\n<p  class=\"\">Um weitere Zeiten besetzen zu k\u00f6nnen, suchen wir noch Eltern, die bereit sind, ebenfalls eine Stunde Ihrer Zeit, eventuell auch nur alle 14 Tage, f\u00fcr die Sch\u00fcler zur Verf\u00fcgung zu stellen.<\/p>\n\n<\/div>\n<\/div>\n<\/div>\n<\/div>","protected":false},"excerpt":{"rendered":"<p>Willkommen \u2026 \u2026 auf der Eltern-Homepage des Kopernikus-Gymnasium Niederkassel. Die Seite dient der Information aller Eltern unserer Sch\u00fclerinnen und Sch\u00fcler an unserem Gymnasium, aber nat\u00fcrlich auch externen G\u00e4sten, die sich neben der offiziellen Homepage der Schule \u00fcber weitere Aspekte des Schullebens am KGN informieren m\u00f6chten. Unser Ziel ist es, diese Homepage auf einem aktuellen Stand&hellip; <br \/> <a class=\"button small blue\" href=\"http:\/\/www.kopernikus-eltern.de\/home\/\">Weiterlesen<\/a><\/p>\n","protected":false},"author":1,"featured_media":0,"parent":0,"menu_order":0,"comment_status":"closed","ping_status":"closed","template":"","meta":{"footnotes":""},"class_list":["post-4","page","type-page","status-publish","hentry"],"_links":{"self":[{"href":"http:\/\/www.kopernikus-eltern.de\/home\/wp-json\/wp\/v2\/pages\/4","targetHints":{"allow":["GET"]}}],"collection":[{"href":"http:\/\/www.kopernikus-eltern.de\/home\/wp-json\/wp\/v2\/pages"}],"about":[{"href":"http:\/\/www.kopernikus-eltern.de\/home\/wp-json\/wp\/v2\/types\/page"}],"author":[{"embeddable":true,"href":"http:\/\/www.kopernikus-eltern.de\/home\/wp-json\/wp\/v2\/users\/1"}],"replies":[{"embeddable":true,"href":"http:\/\/www.kopernikus-eltern.de\/home\/wp-json\/wp\/v2\/comments?post=4"}],"version-history":[{"count":288,"href":"http:\/\/www.kopernikus-eltern.de\/home\/wp-json\/wp\/v2\/pages\/4\/revisions"}],"predecessor-version":[{"id":970,"href":"http:\/\/www.kopernikus-eltern.de\/home\/wp-json\/wp\/v2\/pages\/4\/revisions\/970"}],"wp:attachment":[{"href":"http:\/\/www.kopernikus-eltern.de\/home\/wp-json\/wp\/v2\/media?parent=4"}],"curies":[{"name":"wp","href":"https:\/\/api.w.org\/{rel}","templated":true}]}}