{"id":784,"date":"2018-05-20T17:28:58","date_gmt":"2018-05-20T15:28:58","guid":{"rendered":"http:\/\/www.kopernikus-eltern.de\/home\/?page_id=784"},"modified":"2022-03-28T08:31:09","modified_gmt":"2022-03-28T06:31:09","slug":"datenschutzerklaerung","status":"publish","type":"page","link":"http:\/\/www.kopernikus-eltern.de\/home\/datenschutzerklaerung\/","title":{"rendered":"Datenschutzerkl\u00e4rung"},"content":{"rendered":"<h5 style=\"text-align: center;\"><strong><big>Datenschutzerkl\u00e4rung<\/big><\/strong><\/h5>\n<h4 style=\"text-align: center;\"><strong>Allgemeiner Hinweis und Pflichtinformationen<\/strong><\/h4>\n<h5><strong>Benennung der verantwortlichen Stelle<\/strong><\/h5>\n<p>Die verantwortliche Stelle f\u00fcr die Datenverarbeitung auf dieser Website ist:<\/p>\n<p><span id=\"s3-t-firma\">F\u00f6rderverein Kopernikus-Gymnasium der Stadt Niederkassel e.V.<\/span><br \/>\n<span id=\"s3-t-ansprechpartner\">Vorstandsvorsitzender Hendrik Denker<\/span><br \/>\n<span id=\"s3-t-strasse\">Kopernikusstr. 3<\/span><br \/>\n<span id=\"s3-t-plz\">53859<\/span> <span id=\"s3-t-ort\">Niederkassel<\/span><\/p>\n<p>Die verantwortliche Stelle entscheidet allein oder gemeinsam mit anderen \u00fcber die Zwecke und Mittel der Verarbeitung von personenbezogenen Daten (z.B. Namen, Kontaktdaten o. \u00c4.).<\/p>\n<h5><strong>Widerruf Ihrer Einwilligung zur Datenverarbeitung<\/strong><\/h5>\n<p>Nur mit Ihrer ausdr\u00fccklichen Einwilligung sind einige Vorg\u00e4nge der Datenverarbeitung m\u00f6glich. Ein Widerruf Ihrer bereits erteilten Einwilligung ist jederzeit m\u00f6glich. F\u00fcr den Widerruf gen\u00fcgt eine formlose Mitteilung per E-Mail. Die Rechtm\u00e4\u00dfigkeit der bis zum Widerruf erfolgten Datenverarbeitung bleibt vom Widerruf unber\u00fchrt.<\/p>\n<h5><strong>Recht auf Beschwerde bei der zust\u00e4ndigen Aufsichtsbeh\u00f6rde<\/strong><\/h5>\n<p>Als Betroffener steht Ihnen im Falle eines datenschutzrechtlichen Versto\u00dfes ein Beschwerderecht bei der zust\u00e4ndigen Aufsichtsbeh\u00f6rde zu. Zust\u00e4ndige Aufsichtsbeh\u00f6rde bez\u00fcglich datenschutzrechtlicher Fragen ist der Landesdatenschutzbeauftragte des Bundeslandes, in dem sich der Sitz unseres Unternehmens befindet. Der folgende Link stellt eine Liste der Datenschutzbeauftragten sowie deren Kontaktdaten bereit: <a href=\"https:\/\/www.bfdi.bund.de\/DE\/Infothek\/Anschriften_Links\/anschriften_links-node.html\" target=\"_blank\" rel=\"noopener\">https:\/\/www.bfdi.bund.de\/DE\/Infothek\/Anschriften_Links\/anschriften_links-node.html<\/a>.<\/p>\n<h5><strong>Recht auf Daten\u00fcbertragbarkeit<\/strong><\/h5>\n<p>Ihnen steht das Recht zu, Daten, die wir auf Grundlage Ihrer Einwilligung oder in Erf\u00fcllung eines Vertrags automatisiert verarbeiten, an sich oder an Dritte aush\u00e4ndigen zu lassen. Die Bereitstellung erfolgt in einem maschinenlesbaren Format. Sofern Sie die direkte \u00dcbertragung der Daten an einen anderen Verantwortlichen verlangen, erfolgt dies nur, soweit es technisch machbar ist.<\/p>\n<h5><strong>Server-Log-Dateien<\/strong><\/h5>\n<p>In Server-Log-Dateien erhebt und speichert der Provider der Website automatisch Informationen, die Ihr Browser automatisch an uns \u00fcbermittelt. Dies sind:<\/p>\n<ul>\n<li>Browsertyp und Browserversion<\/li>\n<li>Verwendetes Betriebssystem<\/li>\n<li>Referrer URL<\/li>\n<li>Hostname des zugreifenden Rechners<\/li>\n<li>Uhrzeit der Serveranfrage<\/li>\n<li>IP-Adresse<\/li>\n<\/ul>\n<p>Es findet keine Zusammenf\u00fchrung dieser Daten mit anderen Datenquellen statt. Grundlage der Datenverarbeitung bildet Art. 6 Abs. 1 lit. b DSGVO, der die Verarbeitung von Daten zur Erf\u00fcllung eines Vertrags oder vorvertraglicher Ma\u00dfnahmen gestattet.<\/p>\n<h5>Cookies<\/h5>\n<div style=\"text-align: left;\">Auf einigen unserer Seiten verwenden wir sog. &#8222;Session-Cookies&#8220;, um Ihnen die Nutzung unserer Webseiten zu erleichtern. Dabei handelt es sich um kleine Textdateien, die nur f\u00fcr die Dauer Ihres Besuchs unserer Webseite auf Ihrer Festplatte hinterlegt und abh\u00e4ngig von der Einstellung Ihres Browser-Programms beim Beenden des Browsers wieder gel\u00f6scht werden. Diese Cookies rufen keine auf Ihrer Festplatte \u00fcber Sie gespeicherten Informationen ab und beeintr\u00e4chtigen nicht Ihren PC oder ihre Dateien. Die meisten Browser sind so eingestellt, dass sie Cookies automatisch akzeptieren. Sie k\u00f6nnen das Speichern von Cookies jedoch deaktivieren oder ihren Browser so einstellen, dass er\u00a0auf die Sendung von Cookies hinweist.<\/div>\n<div style=\"text-align: left;\"><\/div>\n","protected":false},"excerpt":{"rendered":"<p>Datenschutzerkl\u00e4rung Allgemeiner Hinweis und Pflichtinformationen Benennung der verantwortlichen Stelle Die verantwortliche Stelle f\u00fcr die Datenverarbeitung auf dieser Website ist: F\u00f6rderverein Kopernikus-Gymnasium der Stadt Niederkassel e.V. Vorstandsvorsitzender Hendrik Denker Kopernikusstr. 3 53859 Niederkassel Die verantwortliche Stelle entscheidet allein oder gemeinsam mit anderen \u00fcber die Zwecke und Mittel der Verarbeitung von personenbezogenen Daten (z.B. Namen, Kontaktdaten o.&hellip; <br \/> <a class=\"button small blue\" href=\"http:\/\/www.kopernikus-eltern.de\/home\/datenschutzerklaerung\/\">Weiterlesen<\/a><\/p>\n","protected":false},"author":1,"featured_media":0,"parent":0,"menu_order":0,"comment_status":"closed","ping_status":"closed","template":"","meta":{"footnotes":""},"class_list":["post-784","page","type-page","status-publish","hentry"],"_links":{"self":[{"href":"http:\/\/www.kopernikus-eltern.de\/home\/wp-json\/wp\/v2\/pages\/784","targetHints":{"allow":["GET"]}}],"collection":[{"href":"http:\/\/www.kopernikus-eltern.de\/home\/wp-json\/wp\/v2\/pages"}],"about":[{"href":"http:\/\/www.kopernikus-eltern.de\/home\/wp-json\/wp\/v2\/types\/page"}],"author":[{"embeddable":true,"href":"http:\/\/www.kopernikus-eltern.de\/home\/wp-json\/wp\/v2\/users\/1"}],"replies":[{"embeddable":true,"href":"http:\/\/www.kopernikus-eltern.de\/home\/wp-json\/wp\/v2\/comments?post=784"}],"version-history":[{"count":4,"href":"http:\/\/www.kopernikus-eltern.de\/home\/wp-json\/wp\/v2\/pages\/784\/revisions"}],"predecessor-version":[{"id":906,"href":"http:\/\/www.kopernikus-eltern.de\/home\/wp-json\/wp\/v2\/pages\/784\/revisions\/906"}],"wp:attachment":[{"href":"http:\/\/www.kopernikus-eltern.de\/home\/wp-json\/wp\/v2\/media?parent=784"}],"curies":[{"name":"wp","href":"https:\/\/api.w.org\/{rel}","templated":true}]}}